{"id":103,"date":"2023-02-13T14:02:36","date_gmt":"2023-02-13T13:02:36","guid":{"rendered":"http:\/\/localhost\/?page_id=103"},"modified":"2024-04-20T10:54:53","modified_gmt":"2024-04-20T08:54:53","slug":"unsere-mission","status":"publish","type":"page","link":"https:\/\/www.ec-logic.com\/home-2\/unsere-mission\/","title":{"rendered":"Unsere Mission (deutsch)"},"content":{"rendered":"\t\t<div data-elementor-type=\"wp-page\" data-elementor-id=\"103\" class=\"elementor elementor-103\">\n\t\t\t\t<div class=\"elementor-element elementor-element-969b1b1 e-flex e-con-boxed e-con e-parent\" data-id=\"969b1b1\" data-element_type=\"container\" data-settings=\"{&quot;background_background&quot;:&quot;slideshow&quot;,&quot;background_slideshow_gallery&quot;:[{&quot;id&quot;:182,&quot;url&quot;:&quot;https:\\\/\\\/www.ec-logic.com\\\/wp-content\\\/uploads\\\/2023\\\/03\\\/ec-logic-motiv-cars-flying-large.jpg&quot;}],&quot;background_slideshow_slide_duration&quot;:5000,&quot;background_slideshow_slide_transition&quot;:&quot;fade&quot;,&quot;background_slideshow_transition_duration&quot;:500}\">\n\t\t\t\t\t<div class=\"e-con-inner\">\n\t\t<div class=\"elementor-element elementor-element-82ce855 e-con-full e-flex e-con e-child\" data-id=\"82ce855\" data-element_type=\"container\" data-settings=\"{&quot;background_background&quot;:&quot;classic&quot;}\">\n\t\t\t\t<div class=\"elementor-element elementor-element-c14c5d7 elementor-widget__width-initial elementor-widget elementor-widget-heading\" data-id=\"c14c5d7\" data-element_type=\"widget\" data-widget_type=\"heading.default\">\n\t\t\t\t<div class=\"elementor-widget-container\">\n\t\t\t<style>\/*! elementor - v3.23.0 - 05-08-2024 *\/\n.elementor-heading-title{padding:0;margin:0;line-height:1}.elementor-widget-heading .elementor-heading-title[class*=elementor-size-]>a{color:inherit;font-size:inherit;line-height:inherit}.elementor-widget-heading .elementor-heading-title.elementor-size-small{font-size:15px}.elementor-widget-heading .elementor-heading-title.elementor-size-medium{font-size:19px}.elementor-widget-heading .elementor-heading-title.elementor-size-large{font-size:29px}.elementor-widget-heading .elementor-heading-title.elementor-size-xl{font-size:39px}.elementor-widget-heading .elementor-heading-title.elementor-size-xxl{font-size:59px}<\/style><h2 class=\"elementor-heading-title elementor-size-default\">Unsere Mission<\/h2>\t\t<\/div>\n\t\t\t\t<\/div>\n\t\t\t\t<div class=\"elementor-element elementor-element-cdfc970 elementor-widget__width-initial elementor-widget elementor-widget-text-editor\" data-id=\"cdfc970\" data-element_type=\"widget\" data-widget_type=\"text-editor.default\">\n\t\t\t\t<div class=\"elementor-widget-container\">\n\t\t\t<style>\/*! elementor - v3.23.0 - 05-08-2024 *\/\n.elementor-widget-text-editor.elementor-drop-cap-view-stacked .elementor-drop-cap{background-color:#69727d;color:#fff}.elementor-widget-text-editor.elementor-drop-cap-view-framed .elementor-drop-cap{color:#69727d;border:3px solid;background-color:transparent}.elementor-widget-text-editor:not(.elementor-drop-cap-view-default) .elementor-drop-cap{margin-top:8px}.elementor-widget-text-editor:not(.elementor-drop-cap-view-default) .elementor-drop-cap-letter{width:1em;height:1em}.elementor-widget-text-editor .elementor-drop-cap{float:left;text-align:center;line-height:1;font-size:50px}.elementor-widget-text-editor .elementor-drop-cap-letter{display:inline-block}<\/style>\t\t\t\t<p style=\"text-align: left;\"><span style=\"color: #ffffff;\"><strong>Wir machen aus den besten automobilen Daten Produkte f\u00fcr Ihre effiziente Prozesskette. Unsere Neugierde auf alle Datenlieferanten am Markt hat uns die Zusammenarbeit mit nahezu s\u00e4mtlichen Lieferanten von Spezifikationen, Restwerten, Vin-Abfragen und Reparaturdaten erm\u00f6glicht. <\/strong><\/span>\n<span style=\"color: #ffffff;\"><strong>Wir bleiben dabei neutral und unabh\u00e4ngig von den jeweiligen Lieferanten.<\/strong><\/span>\n<span style=\"color: #ffffff;\"><strong>Ihnen helfen wir bei der Auswahl von Datenlieferanten durch Benchmarks und Qualit\u00e4tsanalysen. <\/strong><\/span><span style=\"color: #ffffff;\"><strong>Bei der Auswahl von Stichproben f\u00fcr umfangreiche Datenanalysen helfen wir Ihnen mit unseren Projekterfahrungen.<\/strong><\/span><\/p>\t\t\t\t\t\t<\/div>\n\t\t\t\t<\/div>\n\t\t\t\t<\/div>\n\t\t\t\t\t<\/div>\n\t\t\t\t<\/div>\n\t\t<div class=\"elementor-element elementor-element-e6b0d41 e-flex e-con-boxed e-con e-parent\" data-id=\"e6b0d41\" data-element_type=\"container\" data-settings=\"{&quot;background_background&quot;:&quot;classic&quot;}\">\n\t\t\t\t\t<div class=\"e-con-inner\">\n\t\t<div class=\"elementor-element elementor-element-d8960d7 e-flex e-con-boxed e-con e-child\" data-id=\"d8960d7\" data-element_type=\"container\" data-settings=\"{&quot;background_background&quot;:&quot;classic&quot;}\">\n\t\t\t\t\t<div class=\"e-con-inner\">\n\t\t<div class=\"elementor-element elementor-element-a6ab336 e-flex e-con-boxed e-con e-child\" data-id=\"a6ab336\" data-element_type=\"container\" data-settings=\"{&quot;background_background&quot;:&quot;classic&quot;}\">\n\t\t\t\t\t<div class=\"e-con-inner\">\n\t\t<div class=\"elementor-element elementor-element-63e3c15 e-con-full e-flex e-con e-child\" data-id=\"63e3c15\" data-element_type=\"container\">\n\t\t\t\t<div class=\"elementor-element elementor-element-4d09281 elementor-widget elementor-widget-text-editor\" data-id=\"4d09281\" data-element_type=\"widget\" data-widget_type=\"text-editor.default\">\n\t\t\t\t<div class=\"elementor-widget-container\">\n\t\t\t\t\t\t\t<p><strong>Nehmen Sie Kontakt auf:<\/strong><\/p>\t\t\t\t\t\t<\/div>\n\t\t\t\t<\/div>\n\t\t\t\t<\/div>\n\t\t<div class=\"elementor-element elementor-element-9b1b88a e-con-full e-flex e-con e-child\" data-id=\"9b1b88a\" data-element_type=\"container\">\n\t\t\t\t<div class=\"elementor-element elementor-element-37faf7e elementor-widget elementor-widget-text-editor\" data-id=\"37faf7e\" data-element_type=\"widget\" data-widget_type=\"text-editor.default\">\n\t\t\t\t<div class=\"elementor-widget-container\">\n\t\t\t\t\t\t\t<p>Herr Ertl<br \/><strong>0911-9711927<br \/><a href=\"mailto:le@ec-logic.com\"><span style=\"color: #33cccc;\">le@ec-logic.com<\/span><\/a><\/strong><br \/>fu\u0308r den Vertrieb<\/p>\t\t\t\t\t\t<\/div>\n\t\t\t\t<\/div>\n\t\t\t\t<\/div>\n\t\t<div class=\"elementor-element elementor-element-c9ab961 e-con-full e-flex e-con e-child\" data-id=\"c9ab961\" data-element_type=\"container\">\n\t\t\t\t<div class=\"elementor-element elementor-element-07103f7 elementor-widget elementor-widget-text-editor\" data-id=\"07103f7\" data-element_type=\"widget\" data-widget_type=\"text-editor.default\">\n\t\t\t\t<div class=\"elementor-widget-container\">\n\t\t\t\t\t\t\t<p style=\"text-align: left;\">Herr Bru\u0308ckner<br \/><strong><span style=\"color: #ffffff;\">0911-9711910<\/span><br \/><span style=\"color: #33cccc;\"><a style=\"color: #33cccc;\" href=\"mailto:hb@ec-logic.com\">hb@ec-logic.com<\/a><\/span><br \/><\/strong>f\u00fcr technische Fragen<\/p>\t\t\t\t\t\t<\/div>\n\t\t\t\t<\/div>\n\t\t\t\t<\/div>\n\t\t<div class=\"elementor-element elementor-element-2da4c1d e-con-full e-flex e-con e-child\" data-id=\"2da4c1d\" data-element_type=\"container\">\n\t\t\t\t<div class=\"elementor-element elementor-element-62fd802 elementor-widget elementor-widget-text-editor\" data-id=\"62fd802\" data-element_type=\"widget\" data-widget_type=\"text-editor.default\">\n\t\t\t\t<div class=\"elementor-widget-container\">\n\t\t\t\t\t\t\t<p>ec-logic GmbH<br \/>Theresienstra\u00dfe 12<br \/>D-90762 F\u00fcrth<br \/>Germany<\/p>\t\t\t\t\t\t<\/div>\n\t\t\t\t<\/div>\n\t\t\t\t<\/div>\n\t\t\t\t\t<\/div>\n\t\t\t\t<\/div>\n\t\t\t\t\t<\/div>\n\t\t\t\t<\/div>\n\t\t\t\t\t<\/div>\n\t\t\t\t<\/div>\n\t\t\t\t<\/div>\n\t\t","protected":false},"excerpt":{"rendered":"<p>Unsere Mission Wir machen aus den besten automobilen Daten Produkte f\u00fcr Ihre effiziente Prozesskette. Unsere Neugierde auf alle Datenlieferanten am Markt hat uns die Zusammenarbeit mit nahezu s\u00e4mtlichen Lieferanten von Spezifikationen, Restwerten, Vin-Abfragen und Reparaturdaten erm\u00f6glicht. Wir bleiben dabei neutral und unabh\u00e4ngig von den jeweiligen Lieferanten. Ihnen helfen wir bei der Auswahl von Datenlieferanten durch [&hellip;]<\/p>\n","protected":false},"author":1,"featured_media":0,"parent":0,"menu_order":0,"comment_status":"closed","ping_status":"closed","template":"","meta":{"footnotes":""},"class_list":["post-103","page","type-page","status-publish","hentry"],"_links":{"self":[{"href":"https:\/\/www.ec-logic.com\/home-2\/wp-json\/wp\/v2\/pages\/103","targetHints":{"allow":["GET"]}}],"collection":[{"href":"https:\/\/www.ec-logic.com\/home-2\/wp-json\/wp\/v2\/pages"}],"about":[{"href":"https:\/\/www.ec-logic.com\/home-2\/wp-json\/wp\/v2\/types\/page"}],"author":[{"embeddable":true,"href":"https:\/\/www.ec-logic.com\/home-2\/wp-json\/wp\/v2\/users\/1"}],"replies":[{"embeddable":true,"href":"https:\/\/www.ec-logic.com\/home-2\/wp-json\/wp\/v2\/comments?post=103"}],"version-history":[{"count":71,"href":"https:\/\/www.ec-logic.com\/home-2\/wp-json\/wp\/v2\/pages\/103\/revisions"}],"predecessor-version":[{"id":3348,"href":"https:\/\/www.ec-logic.com\/home-2\/wp-json\/wp\/v2\/pages\/103\/revisions\/3348"}],"wp:attachment":[{"href":"https:\/\/www.ec-logic.com\/home-2\/wp-json\/wp\/v2\/media?parent=103"}],"curies":[{"name":"wp","href":"https:\/\/api.w.org\/{rel}","templated":true}]}}