{"id":9,"date":"2023-02-11T17:38:30","date_gmt":"2023-02-11T16:38:30","guid":{"rendered":"http:\/\/localhost\/?page_id=9"},"modified":"2024-03-19T12:17:06","modified_gmt":"2024-03-19T11:17:06","slug":"kontakt","status":"publish","type":"page","link":"https:\/\/www.ec-logic.com\/home-2\/kontakt\/","title":{"rendered":"Kontakt (deutsch)"},"content":{"rendered":"\t\t<div data-elementor-type=\"wp-page\" data-elementor-id=\"9\" class=\"elementor elementor-9\">\n\t\t\t\t<div class=\"elementor-element elementor-element-f9c2ac6 e-flex e-con-boxed e-con e-parent\" data-id=\"f9c2ac6\" data-element_type=\"container\">\n\t\t\t\t\t<div class=\"e-con-inner\">\n\t\t\t\t<div class=\"elementor-element elementor-element-a9d0f6b elementor-widget elementor-widget-heading\" data-id=\"a9d0f6b\" data-element_type=\"widget\" data-widget_type=\"heading.default\">\n\t\t\t\t<div class=\"elementor-widget-container\">\n\t\t\t<style>\/*! elementor - v3.23.0 - 05-08-2024 *\/\n.elementor-heading-title{padding:0;margin:0;line-height:1}.elementor-widget-heading .elementor-heading-title[class*=elementor-size-]>a{color:inherit;font-size:inherit;line-height:inherit}.elementor-widget-heading .elementor-heading-title.elementor-size-small{font-size:15px}.elementor-widget-heading .elementor-heading-title.elementor-size-medium{font-size:19px}.elementor-widget-heading .elementor-heading-title.elementor-size-large{font-size:29px}.elementor-widget-heading .elementor-heading-title.elementor-size-xl{font-size:39px}.elementor-widget-heading .elementor-heading-title.elementor-size-xxl{font-size:59px}<\/style><h2 class=\"elementor-heading-title elementor-size-default\">So finden Sie uns.<\/h2>\t\t<\/div>\n\t\t\t\t<\/div>\n\t\t\t\t\t<\/div>\n\t\t\t\t<\/div>\n\t\t<div class=\"elementor-element elementor-element-9ac908d e-con-full e-flex e-con e-parent\" data-id=\"9ac908d\" data-element_type=\"container\">\n\t\t\t\t<div class=\"elementor-element elementor-element-c36635d elementor-widget elementor-widget-google_maps\" data-id=\"c36635d\" data-element_type=\"widget\" data-widget_type=\"google_maps.default\">\n\t\t\t\t<div class=\"elementor-widget-container\">\n\t\t\t<style>\/*! elementor - v3.23.0 - 05-08-2024 *\/\n.elementor-widget-google_maps .elementor-widget-container{overflow:hidden}.elementor-widget-google_maps .elementor-custom-embed{line-height:0}.elementor-widget-google_maps iframe{height:300px}<\/style>\t\t<div class=\"elementor-custom-embed\">\n\t\t\t<iframe loading=\"lazy\"\n\t\t\t\t\tsrc=\"https:\/\/maps.google.com\/maps?q=ec-logic%20F%C3%BCrth&#038;t=m&#038;z=10&#038;output=embed&#038;iwloc=near\"\n\t\t\t\t\ttitle=\"ec-logic F\u00fcrth\"\n\t\t\t\t\taria-label=\"ec-logic F\u00fcrth\"\n\t\t\t><\/iframe>\n\t\t<\/div>\n\t\t\t\t<\/div>\n\t\t\t\t<\/div>\n\t\t\t\t<\/div>\n\t\t<div class=\"elementor-element elementor-element-edf2c56 e-flex e-con-boxed e-con e-parent\" data-id=\"edf2c56\" data-element_type=\"container\" data-settings=\"{&quot;background_background&quot;:&quot;classic&quot;}\">\n\t\t\t\t\t<div class=\"e-con-inner\">\n\t\t<div class=\"elementor-element elementor-element-ff0fdd4 e-flex e-con-boxed e-con e-child\" data-id=\"ff0fdd4\" data-element_type=\"container\" data-settings=\"{&quot;background_background&quot;:&quot;classic&quot;}\">\n\t\t\t\t\t<div class=\"e-con-inner\">\n\t\t<div class=\"elementor-element elementor-element-c85c041 e-con-full e-flex e-con e-child\" data-id=\"c85c041\" data-element_type=\"container\">\n\t\t\t\t<div class=\"elementor-element elementor-element-78bd2a2 elementor-widget elementor-widget-text-editor\" data-id=\"78bd2a2\" data-element_type=\"widget\" data-widget_type=\"text-editor.default\">\n\t\t\t\t<div class=\"elementor-widget-container\">\n\t\t\t<style>\/*! elementor - v3.23.0 - 05-08-2024 *\/\n.elementor-widget-text-editor.elementor-drop-cap-view-stacked .elementor-drop-cap{background-color:#69727d;color:#fff}.elementor-widget-text-editor.elementor-drop-cap-view-framed .elementor-drop-cap{color:#69727d;border:3px solid;background-color:transparent}.elementor-widget-text-editor:not(.elementor-drop-cap-view-default) .elementor-drop-cap{margin-top:8px}.elementor-widget-text-editor:not(.elementor-drop-cap-view-default) .elementor-drop-cap-letter{width:1em;height:1em}.elementor-widget-text-editor .elementor-drop-cap{float:left;text-align:center;line-height:1;font-size:50px}.elementor-widget-text-editor .elementor-drop-cap-letter{display:inline-block}<\/style>\t\t\t\t<p><strong>Nehmen Sie Kontakt auf:<\/strong><\/p>\t\t\t\t\t\t<\/div>\n\t\t\t\t<\/div>\n\t\t\t\t<\/div>\n\t\t<div class=\"elementor-element elementor-element-a7c8b89 e-con-full e-flex e-con e-child\" data-id=\"a7c8b89\" data-element_type=\"container\">\n\t\t\t\t<div class=\"elementor-element elementor-element-d18c7b5 elementor-widget elementor-widget-text-editor\" data-id=\"d18c7b5\" data-element_type=\"widget\" data-widget_type=\"text-editor.default\">\n\t\t\t\t<div class=\"elementor-widget-container\">\n\t\t\t\t\t\t\t<p>Herr Ertl<br \/><strong>0911-9711927<br \/><a href=\"mailto:le@ec-logic.com\"><span style=\"color: #33cccc;\">le@ec-logic.com<\/span><\/a><\/strong><br \/>fu\u0308r den Vertrieb<\/p>\t\t\t\t\t\t<\/div>\n\t\t\t\t<\/div>\n\t\t\t\t<\/div>\n\t\t<div class=\"elementor-element elementor-element-beeff5c e-con-full e-flex e-con e-child\" data-id=\"beeff5c\" data-element_type=\"container\">\n\t\t\t\t<div class=\"elementor-element elementor-element-bfa6804 elementor-widget elementor-widget-text-editor\" data-id=\"bfa6804\" data-element_type=\"widget\" data-widget_type=\"text-editor.default\">\n\t\t\t\t<div class=\"elementor-widget-container\">\n\t\t\t\t\t\t\t<p style=\"text-align: left;\">Herr Bru\u0308ckner<br \/><strong><span style=\"color: #ffffff;\">0911-9711910<\/span><br \/><span style=\"color: #33cccc;\"><a style=\"color: #33cccc;\" href=\"mailto:hb@ec-logic.com\">hb@ec-logic.com<\/a><\/span><br \/><\/strong>f\u00fcr technische Fragen<\/p>\t\t\t\t\t\t<\/div>\n\t\t\t\t<\/div>\n\t\t\t\t<\/div>\n\t\t<div class=\"elementor-element elementor-element-9f248d8 e-con-full e-flex e-con e-child\" data-id=\"9f248d8\" data-element_type=\"container\">\n\t\t\t\t<div class=\"elementor-element elementor-element-fd8a994 elementor-widget elementor-widget-text-editor\" data-id=\"fd8a994\" data-element_type=\"widget\" data-widget_type=\"text-editor.default\">\n\t\t\t\t<div class=\"elementor-widget-container\">\n\t\t\t\t\t\t\t<p>ec-logic GmbH<br \/>Theresienstra\u00dfe 12<br \/>D-90762 F\u00fcrth<br \/>Germany<\/p>\t\t\t\t\t\t<\/div>\n\t\t\t\t<\/div>\n\t\t\t\t<\/div>\n\t\t\t\t\t<\/div>\n\t\t\t\t<\/div>\n\t\t\t\t\t<\/div>\n\t\t\t\t<\/div>\n\t\t\t\t<\/div>\n\t\t","protected":false},"excerpt":{"rendered":"<p>So finden Sie uns. Nehmen Sie Kontakt auf: Herr Ertl0911-9711927le@ec-logic.comfu\u0308r den Vertrieb Herr Bru\u0308ckner0911-9711910hb@ec-logic.comf\u00fcr technische Fragen ec-logic GmbHTheresienstra\u00dfe 12D-90762 F\u00fcrthGermany<\/p>\n","protected":false},"author":1,"featured_media":0,"parent":0,"menu_order":0,"comment_status":"closed","ping_status":"closed","template":"","meta":[],"_links":{"self":[{"href":"https:\/\/www.ec-logic.com\/home-2\/wp-json\/wp\/v2\/pages\/9"}],"collection":[{"href":"https:\/\/www.ec-logic.com\/home-2\/wp-json\/wp\/v2\/pages"}],"about":[{"href":"https:\/\/www.ec-logic.com\/home-2\/wp-json\/wp\/v2\/types\/page"}],"author":[{"embeddable":true,"href":"https:\/\/www.ec-logic.com\/home-2\/wp-json\/wp\/v2\/users\/1"}],"replies":[{"embeddable":true,"href":"https:\/\/www.ec-logic.com\/home-2\/wp-json\/wp\/v2\/comments?post=9"}],"version-history":[{"count":17,"href":"https:\/\/www.ec-logic.com\/home-2\/wp-json\/wp\/v2\/pages\/9\/revisions"}],"predecessor-version":[{"id":3105,"href":"https:\/\/www.ec-logic.com\/home-2\/wp-json\/wp\/v2\/pages\/9\/revisions\/3105"}],"wp:attachment":[{"href":"https:\/\/www.ec-logic.com\/home-2\/wp-json\/wp\/v2\/media?parent=9"}],"curies":[{"name":"wp","href":"https:\/\/api.w.org\/{rel}","templated":true}]}}